{"id":1709,"date":"2021-05-22T17:55:36","date_gmt":"2021-05-22T16:55:36","guid":{"rendered":"http:\/\/nochta-saxcompetition.com\/sluzbene-korepetitorice\/"},"modified":"2026-03-19T14:30:08","modified_gmt":"2026-03-19T13:30:08","slug":"official-pianists","status":"publish","type":"page","link":"https:\/\/pjevacko-natjecanje-milka-trnina.com\/en\/official-pianists\/","title":{"rendered":"Official pianists"},"content":{"rendered":"<p><strong>Kayoko Ikeda<\/strong><\/p>\n<p><img loading=\"lazy\" decoding=\"async\" class=\"alignnone size-medium wp-image-4347\" src=\"https:\/\/pjevacko-natjecanje-milka-trnina.com\/wp-content\/uploads\/2026\/03\/Picture1-298x300.jpg\" alt=\"\" width=\"298\" height=\"300\" \/><\/p>\n<p>Born in Japan, she graduated in Music Pedagogy at Kyoto University of Education. She moved to Italy in 2010, obtaining the \u2161 level academic diploma in Piano &#8211; accompaniment and collaboration with full marks and honors at &#8221;Arrigo Boito&#8221; Conservatory in Parma.<\/p>\n<p>She won the first prize of 7th Ottorino Respighi International Competition for repetiteur.<\/p>\n<p>After winning a scholarship and the role of participation in the advanced specialization course for repetiteur held by Donato Renzetti and Leo Nucci, she collaborated for several years as repetiteur in the productions of Maestro Leo Nucci at Teatro Municipale of Piacenza, Teatro Municipale Pavarotti-Freni of Modena and Teatro Alighieri of Ravenna.<\/p>\n<p>Always with the same role she was hired by following theaters and festivals: Teatro Regio di Parma, Teatro Municipale Pavarotti-Freni of Modena, Teatro Valli of Reggio Emilia, Teatro Giuseppe Verdi of Busseto, Teatro Alighieri of Ravenna, Teatro Municipale of Ferrara, Teatro Lirico Sperimentale of Spoleto and Festival Valle d\u2019Itria of Martina Franca.<\/p>\n<p>In particular, as collaborative pianist of Maestro Nucci, she accompanied him in various concerts and in his masterclass on Verdi\u2019s repertoire at Casa Verdi, broadcasted on Rai 5.<\/p>\n<p>She has also been the official accompanist in various international singing competitions: International Hans Gabor Belvedere Singing Competition, International Competition for Voce Verdiano in Busseto, International Opera Competition &#8220;Alfredo Giacomotti&#8221; and Stignani Competition.<\/p>\n<p>She has been a guest of Munich Radio orchestra, Auturo Toscanini Philharmonic and Slovenian Philharmonic Orchestra.<\/p>\n<p>Since 2017 she has been being repetiteur and keyboard player in orchestra at Slovenian National Theater of Ljubljana, where she deals with the preparation for singers, musical rehearsals and various productions where she participates in orchestra as celesta, harpsichord and piano player.<\/p>\n<p><strong>Lana Bradi\u0107<\/strong><\/p>\n<p><img loading=\"lazy\" decoding=\"async\" class=\"alignnone size-medium wp-image-4348\" src=\"https:\/\/pjevacko-natjecanje-milka-trnina.com\/wp-content\/uploads\/2026\/03\/Picture2-240x300.jpg\" alt=\"\" width=\"240\" height=\"300\" \/><\/p>\n<p>Lana Bradi\u0107 was born in 1975 in Zagreb. She began her musical education at the age of six at the Ivan Zajc Music School. After completing the piano and theory departments of the Blagoje Bersa Secondary School of Music, she enrolled at the age of seventeen in the piano programme at the Academy of Music, University of Zagreb, in the class of Prof. Stjepan Radi\u0107, graduating in 1996. Already during her studies she showed a strong inclination toward chamber music and a particular artistic sensitivity for vocal repertoire and collaboration with opera singers.<\/p>\n<p>In 1997 she continued her studies at the University of Music and Performing Arts in Graz (Hochschule f\u00fcr Musik und darstellende Kunst Graz), where she attended classes in Lied interpretation (Vokalliedbegleitung) in the class of Prof. Gerhard Zeller. During this period she also worked as an external associate at the Academy of Music in Zagreb, at the Department of Singing.<\/p>\n<p>She has regularly participated in masterclasses with eminent pedagogues in the field of art song and vocal interpretation (C. Witthoeft, K. Richter, J. Blakely). Over the years she has gained extensive experience working with numerous opera singers, preparing them for operatic roles as well as for oratorio and concert vocal repertoire. Particularly notable is her long-standing collaboration with distinguished Croatian opera artists such as Giorgio Surian, Martina Zadro, Lana Kos, Dubravka \u0160eparovi\u0107 Mu\u0161ovi\u0107, Vitomir Marof, Domagoj Doroti\u0107 and Leon Ko\u0161avi\u0107, whom she regularly accompanies in solo recitals and concerts.<\/p>\n<p>As a chamber musician she performs with vocal artists, violinists and clarinetists throughout Croatia and Europe. She has appeared at numerous festivals, including the Dubrovnik Summer Festival, Samobor Musical Autumn and Osor Musical Evenings, and has collaborated with the choir Zvjezdice, the Zagreb Soloists, the Croatian Chamber Philharmonic and the Zagreb Philharmonic in the preparation of concerts featuring vocal soloists.<\/p>\n<p>She regularly participates as a r\u00e9p\u00e9titeur at seminars led by renowned opera pedagogues and has served as the official pianist of the International Competition of Young Opera Singers \u201cZinka Milanov\u201d in Rijeka and the Mikul\u00e1\u0161 Schneider-Trnavsk\u00fd International Singing Competition in Slovakia.<\/p>\n<p>She holds the academic rank of Artistic Advisor at the Academy of Music, University of Zagreb, at the Department of Singing. Her pedagogical work includes the preparation of soloists and ensembles, chamber repertoire, and active participation in the education of young musicians, through which she continuously contributes to the development of the Croatian and international music scene.<\/p>\n<p><strong>Darijan Ivezi\u0107 <\/strong><\/p>\n<p><img loading=\"lazy\" decoding=\"async\" class=\"alignnone size-medium wp-image-4352\" src=\"https:\/\/pjevacko-natjecanje-milka-trnina.com\/wp-content\/uploads\/2026\/03\/Picture4-203x300.jpg\" alt=\"\" width=\"203\" height=\"300\" srcset=\"https:\/\/pjevacko-natjecanje-milka-trnina.com\/wp-content\/uploads\/2026\/03\/Picture4-203x300.jpg 203w, https:\/\/pjevacko-natjecanje-milka-trnina.com\/wp-content\/uploads\/2026\/03\/Picture4-691x1024.jpg 691w, https:\/\/pjevacko-natjecanje-milka-trnina.com\/wp-content\/uploads\/2026\/03\/Picture4.jpg 1385w\" sizes=\"auto, (max-width: 203px) 100vw, 203px\" \/><\/p>\n<p>Darijan Ivezi\u0107 was born in 1990 in Novska. He completed his secondary music education in his hometown, graduating in piano in 2007 and in music theory in 2009. In 2014 he graduated in conducting from the Academy of Music, University of Zagreb, in the class of Prof. Uro\u0161 Lajovic.<\/p>\n<p>During his studies he received the Rector\u2019s Award in 2010 for the original project <em>DuLuM<\/em>, as well as the Dean\u2019s Award in 2012 for his work as assistant conductor in the inter-academy production of Bizet\u2019s opera <em>Carmen<\/em>. As part of the Music Biennale Zagreb in 2013, he conducted a performance of Igor Stravinsky\u2019s opera <em>The Nightingale<\/em>.<\/p>\n<p>Following his studies, he remained closely connected with the Academy of Music in Zagreb, where he worked as a Title Assistant at the Third Department (Conducting, Harp and Percussion). In March 2020 he conducted the premiere of the inter-academy production of Massenet\u2019s opera <em>Cendrillon<\/em> (<em>Cinderella<\/em>).<\/p>\n<p>His professional career has been closely linked to the Opera of the Croatian National Theatre in Zagreb, where he has been a member of the ensemble since 2013. As musical coach and assistant conductor he has participated in numerous opera productions, including <em>Don Carlo<\/em>, <em>Les v\u00eapres siciliennes<\/em>, <em>Manon Lescaut<\/em> and <em>Gurre-Lieder<\/em>. During this period he collaborated with distinguished conductors such as Ivan Repu\u0161i\u0107, Nik\u0161a Bareza and Pier Giorgio Morandi.<\/p>\n<p>He gained international experience at the Staatstheater am G\u00e4rtnerplatz in Munich, where during a four-year engagement beginning in 2019 he made his German conducting debut in March 2021. In Munich he also collaborated with Bavarian Radio ensembles\u2014the M\u00fcnchner Rundfunkorchester and BR Chor\u2014as assistant conductor and language consultant.<\/p>\n<p>As music director and conductor of the Croatian Opera Academy in Vara\u017edin, he led new productions of the operas <em>Le nozze di Figaro<\/em>, <em>Dido and Aeneas<\/em>, <em>La clemenza di Tito<\/em> (the first Croatian staged opera production), and <em>The Magic Flute<\/em>.<\/p>\n<p>He has participated in international conducting competitions in Li\u00e8ge and Belgrade, where he received the Special Prize for the Best Performance of an Operatic Aria.<\/p>\n<p>He is a regular guest at the Rovinj Art&amp;More Festival, where he has conducted performances of Mozart\u2019s <em>Requiem<\/em>, Orff\u2019s <em>Carmina Burana<\/em> and other concert programmes. He maintains an ongoing collaboration with the vocal ensemble Projekt Lazarus, performing in Rome, Vienna, Venice, Vara\u017edin, Zadar, Hvar and Zagreb, as well as with the chamber opera Opera bb, where he has conducted operetta productions such as <em>The Merry Widow<\/em> and <em>Die Fledermaus<\/em>.<\/p>\n<p>After returning to the Opera of the Croatian National Theatre in Zagreb, he continued his conducting activities and established new collaborations, including with the Sarajevo Philharmonic Orchestra and the Dubrovnik Symphony Orchestra, while also working as an external associate and assistant at the Department of Singing of the Academy of Music in Zagreb.<\/p>\n<p>Among his more recent projects are the opera productions <em>Cos\u00ec fan tutte<\/em> and <em>Die Fledermaus<\/em> at the Croatian National Theatre in Zagreb, as well as concert programmes including Beethoven\u2019s Symphony No. 3 \u201cEroica\u201d and Gustav Mahler\u2019s Symphony No. 4, with appearances alongside the HRT Symphony Orchestra, the Croatian Chamber Orchestra and the Vara\u017edin Chamber Orchestra.<\/p>\n<p>Alongside his conducting career, he is also engaged in academic research and is currently a doctoral student in linguistics at the Faculty of Humanities and Social Sciences, University of Zagreb.<\/p>\n","protected":false},"excerpt":{"rendered":"<p>Kayoko Ikeda Born in Japan, she graduated in Music Pedagogy at Kyoto University of Education. She moved to Italy in 2010, obtaining the \u2161 level academic diploma in Piano &#8211; accompaniment and collaboration with full marks and honors &hellip;<\/p>\n","protected":false},"author":4,"featured_media":0,"parent":0,"menu_order":42,"comment_status":"closed","ping_status":"closed","template":"tpl-about.php","meta":{"_acf_changed":false,"footnotes":""},"class_list":["post-1709","page","type-page","status-publish","hentry"],"acf":[],"yoast_head":"<!-- This site is optimized with the Yoast SEO plugin v27.2 - https:\/\/yoast.com\/product\/yoast-seo-wordpress\/ -->\n<title>Official pianists - Milka Ternina International Singing Competition<\/title>\n<meta name=\"robots\" content=\"index, follow, max-snippet:-1, max-image-preview:large, max-video-preview:-1\" \/>\n<link rel=\"canonical\" href=\"https:\/\/pjevacko-natjecanje-milka-trnina.com\/en\/official-pianists\/\" \/>\n<meta property=\"og:locale\" content=\"en_US\" \/>\n<meta property=\"og:type\" content=\"article\" \/>\n<meta property=\"og:title\" content=\"Official pianists - Milka Ternina International Singing Competition\" \/>\n<meta property=\"og:description\" content=\"Kayoko Ikeda Born in Japan, she graduated in Music Pedagogy at Kyoto University of Education. She moved to Italy in 2010, obtaining the \u2161 level academic diploma in Piano &#8211; accompaniment and collaboration with full marks and honors &hellip;\" \/>\n<meta property=\"og:url\" content=\"https:\/\/pjevacko-natjecanje-milka-trnina.com\/en\/official-pianists\/\" \/>\n<meta property=\"og:site_name\" content=\"Milka Ternina International Singing Competition\" \/>\n<meta property=\"article:modified_time\" content=\"2026-03-19T13:30:08+00:00\" \/>\n<meta name=\"twitter:card\" content=\"summary_large_image\" \/>\n<meta name=\"twitter:label1\" content=\"Est. reading time\" \/>\n\t<meta name=\"twitter:data1\" content=\"8 minutes\" \/>\n<script type=\"application\/ld+json\" class=\"yoast-schema-graph\">{\"@context\":\"https:\/\/schema.org\",\"@graph\":[{\"@type\":\"WebPage\",\"@id\":\"https:\/\/pjevacko-natjecanje-milka-trnina.com\/en\/official-pianists\/\",\"url\":\"https:\/\/pjevacko-natjecanje-milka-trnina.com\/en\/official-pianists\/\",\"name\":\"Official pianists - Milka Ternina International Singing Competition\",\"isPartOf\":{\"@id\":\"https:\/\/pjevacko-natjecanje-milka-trnina.com\/#website\"},\"primaryImageOfPage\":{\"@id\":\"https:\/\/pjevacko-natjecanje-milka-trnina.com\/en\/official-pianists\/#primaryimage\"},\"image\":{\"@id\":\"https:\/\/pjevacko-natjecanje-milka-trnina.com\/en\/official-pianists\/#primaryimage\"},\"thumbnailUrl\":\"https:\/\/pjevacko-natjecanje-milka-trnina.com\/wp-content\/uploads\/2026\/03\/Picture1-298x300.jpg\",\"datePublished\":\"2021-05-22T16:55:36+00:00\",\"dateModified\":\"2026-03-19T13:30:08+00:00\",\"breadcrumb\":{\"@id\":\"https:\/\/pjevacko-natjecanje-milka-trnina.com\/en\/official-pianists\/#breadcrumb\"},\"inLanguage\":\"en-US\",\"potentialAction\":[{\"@type\":\"ReadAction\",\"target\":[\"https:\/\/pjevacko-natjecanje-milka-trnina.com\/en\/official-pianists\/\"]}]},{\"@type\":\"ImageObject\",\"inLanguage\":\"en-US\",\"@id\":\"https:\/\/pjevacko-natjecanje-milka-trnina.com\/en\/official-pianists\/#primaryimage\",\"url\":\"https:\/\/pjevacko-natjecanje-milka-trnina.com\/wp-content\/uploads\/2026\/03\/Picture1-298x300.jpg\",\"contentUrl\":\"https:\/\/pjevacko-natjecanje-milka-trnina.com\/wp-content\/uploads\/2026\/03\/Picture1-298x300.jpg\"},{\"@type\":\"BreadcrumbList\",\"@id\":\"https:\/\/pjevacko-natjecanje-milka-trnina.com\/en\/official-pianists\/#breadcrumb\",\"itemListElement\":[{\"@type\":\"ListItem\",\"position\":1,\"name\":\"Home\",\"item\":\"https:\/\/pjevacko-natjecanje-milka-trnina.com\/en\/\"},{\"@type\":\"ListItem\",\"position\":2,\"name\":\"Official pianists\"}]},{\"@type\":\"WebSite\",\"@id\":\"https:\/\/pjevacko-natjecanje-milka-trnina.com\/#website\",\"url\":\"https:\/\/pjevacko-natjecanje-milka-trnina.com\/\",\"name\":\"Milka Ternina International Singing Competition\",\"description\":\"Milka Ternina International Singing Competition\",\"potentialAction\":[{\"@type\":\"SearchAction\",\"target\":{\"@type\":\"EntryPoint\",\"urlTemplate\":\"https:\/\/pjevacko-natjecanje-milka-trnina.com\/?s={search_term_string}\"},\"query-input\":{\"@type\":\"PropertyValueSpecification\",\"valueRequired\":true,\"valueName\":\"search_term_string\"}}],\"inLanguage\":\"en-US\"}]}<\/script>\n<!-- \/ Yoast SEO plugin. -->","yoast_head_json":{"title":"Official pianists - Milka Ternina International Singing Competition","robots":{"index":"index","follow":"follow","max-snippet":"max-snippet:-1","max-image-preview":"max-image-preview:large","max-video-preview":"max-video-preview:-1"},"canonical":"https:\/\/pjevacko-natjecanje-milka-trnina.com\/en\/official-pianists\/","og_locale":"en_US","og_type":"article","og_title":"Official pianists - Milka Ternina International Singing Competition","og_description":"Kayoko Ikeda Born in Japan, she graduated in Music Pedagogy at Kyoto University of Education. She moved to Italy in 2010, obtaining the \u2161 level academic diploma in Piano &#8211; accompaniment and collaboration with full marks and honors &hellip;","og_url":"https:\/\/pjevacko-natjecanje-milka-trnina.com\/en\/official-pianists\/","og_site_name":"Milka Ternina International Singing Competition","article_modified_time":"2026-03-19T13:30:08+00:00","twitter_card":"summary_large_image","twitter_misc":{"Est. reading time":"8 minutes"},"schema":{"@context":"https:\/\/schema.org","@graph":[{"@type":"WebPage","@id":"https:\/\/pjevacko-natjecanje-milka-trnina.com\/en\/official-pianists\/","url":"https:\/\/pjevacko-natjecanje-milka-trnina.com\/en\/official-pianists\/","name":"Official pianists - Milka Ternina International Singing Competition","isPartOf":{"@id":"https:\/\/pjevacko-natjecanje-milka-trnina.com\/#website"},"primaryImageOfPage":{"@id":"https:\/\/pjevacko-natjecanje-milka-trnina.com\/en\/official-pianists\/#primaryimage"},"image":{"@id":"https:\/\/pjevacko-natjecanje-milka-trnina.com\/en\/official-pianists\/#primaryimage"},"thumbnailUrl":"https:\/\/pjevacko-natjecanje-milka-trnina.com\/wp-content\/uploads\/2026\/03\/Picture1-298x300.jpg","datePublished":"2021-05-22T16:55:36+00:00","dateModified":"2026-03-19T13:30:08+00:00","breadcrumb":{"@id":"https:\/\/pjevacko-natjecanje-milka-trnina.com\/en\/official-pianists\/#breadcrumb"},"inLanguage":"en-US","potentialAction":[{"@type":"ReadAction","target":["https:\/\/pjevacko-natjecanje-milka-trnina.com\/en\/official-pianists\/"]}]},{"@type":"ImageObject","inLanguage":"en-US","@id":"https:\/\/pjevacko-natjecanje-milka-trnina.com\/en\/official-pianists\/#primaryimage","url":"https:\/\/pjevacko-natjecanje-milka-trnina.com\/wp-content\/uploads\/2026\/03\/Picture1-298x300.jpg","contentUrl":"https:\/\/pjevacko-natjecanje-milka-trnina.com\/wp-content\/uploads\/2026\/03\/Picture1-298x300.jpg"},{"@type":"BreadcrumbList","@id":"https:\/\/pjevacko-natjecanje-milka-trnina.com\/en\/official-pianists\/#breadcrumb","itemListElement":[{"@type":"ListItem","position":1,"name":"Home","item":"https:\/\/pjevacko-natjecanje-milka-trnina.com\/en\/"},{"@type":"ListItem","position":2,"name":"Official pianists"}]},{"@type":"WebSite","@id":"https:\/\/pjevacko-natjecanje-milka-trnina.com\/#website","url":"https:\/\/pjevacko-natjecanje-milka-trnina.com\/","name":"Milka Ternina International Singing Competition","description":"Milka Ternina International Singing Competition","potentialAction":[{"@type":"SearchAction","target":{"@type":"EntryPoint","urlTemplate":"https:\/\/pjevacko-natjecanje-milka-trnina.com\/?s={search_term_string}"},"query-input":{"@type":"PropertyValueSpecification","valueRequired":true,"valueName":"search_term_string"}}],"inLanguage":"en-US"}]}},"_links":{"self":[{"href":"https:\/\/pjevacko-natjecanje-milka-trnina.com\/en\/wp-json\/wp\/v2\/pages\/1709","targetHints":{"allow":["GET"]}}],"collection":[{"href":"https:\/\/pjevacko-natjecanje-milka-trnina.com\/en\/wp-json\/wp\/v2\/pages"}],"about":[{"href":"https:\/\/pjevacko-natjecanje-milka-trnina.com\/en\/wp-json\/wp\/v2\/types\/page"}],"author":[{"embeddable":true,"href":"https:\/\/pjevacko-natjecanje-milka-trnina.com\/en\/wp-json\/wp\/v2\/users\/4"}],"replies":[{"embeddable":true,"href":"https:\/\/pjevacko-natjecanje-milka-trnina.com\/en\/wp-json\/wp\/v2\/comments?post=1709"}],"version-history":[{"count":6,"href":"https:\/\/pjevacko-natjecanje-milka-trnina.com\/en\/wp-json\/wp\/v2\/pages\/1709\/revisions"}],"predecessor-version":[{"id":4353,"href":"https:\/\/pjevacko-natjecanje-milka-trnina.com\/en\/wp-json\/wp\/v2\/pages\/1709\/revisions\/4353"}],"wp:attachment":[{"href":"https:\/\/pjevacko-natjecanje-milka-trnina.com\/en\/wp-json\/wp\/v2\/media?parent=1709"}],"curies":[{"name":"wp","href":"https:\/\/api.w.org\/{rel}","templated":true}]}}